{"id":750,"date":"2021-09-06T16:20:02","date_gmt":"2021-09-06T16:20:02","guid":{"rendered":"https:\/\/delphoscentro.com\/?page_id=750"},"modified":"2021-09-06T16:20:03","modified_gmt":"2021-09-06T16:20:03","slug":"tienda","status":"publish","type":"page","link":"https:\/\/delphoscentro.com\/index.php\/tienda\/","title":{"rendered":"Tienda"},"content":{"rendered":"\t\t<div data-elementor-type=\"wp-page\" data-elementor-id=\"750\" class=\"elementor elementor-750\" data-elementor-settings=\"[]\">\n\t\t\t\t\t\t\t<div class=\"elementor-section-wrap\">\n\t\t\t\t\t\t\t<section class=\"elementor-section elementor-top-section elementor-element elementor-element-n3byb0y attorneys-boxes elementor-section-boxed elementor-section-height-default elementor-section-height-default\" data-id=\"n3byb0y\" data-element_type=\"section\">\n\t\t\t\t\t\t<div class=\"elementor-container elementor-column-gap-default\">\n\t\t\t\t\t<div class=\"elementor-column elementor-col-100 elementor-top-column elementor-element elementor-element-gjcp8pe\" data-id=\"gjcp8pe\" data-element_type=\"column\">\n\t\t\t<div class=\"elementor-widget-wrap elementor-element-populated\">\n\t\t\t\t\t\t\t\t<section class=\"elementor-section elementor-inner-section elementor-element elementor-element-l6bbh58 elementor-section-boxed elementor-section-height-default elementor-section-height-default\" data-id=\"l6bbh58\" data-element_type=\"section\">\n\t\t\t\t\t\t<div class=\"elementor-container elementor-column-gap-default\">\n\t\t\t\t\t<div class=\"elementor-column elementor-col-33 elementor-inner-column elementor-element elementor-element-5ktiudl\" data-id=\"5ktiudl\" data-element_type=\"column\">\n\t\t\t<div class=\"elementor-widget-wrap elementor-element-populated\">\n\t\t\t\t\t\t\t\t<div class=\"elementor-element elementor-element-8zfjnym elementor-position-top elementor-vertical-align-top elementor-widget elementor-widget-image-box\" data-id=\"8zfjnym\" data-element_type=\"widget\" data-widget_type=\"image-box.default\">\n\t\t\t\t<div class=\"elementor-widget-container\">\n\t\t\t<div class=\"elementor-image-box-wrapper\"><figure class=\"elementor-image-box-img\"><img decoding=\"async\" src=\"https:\/\/delphoscentro.com\/wp-content\/uploads\/elementor\/thumbs\/olga-pcq1c2rnoq2axlpjzjnxaij7tdgltkzx5ompkeb8oo.jpg\" title=\"olga\" alt=\"olga\" \/><\/figure><div class=\"elementor-image-box-content\"><h3 class=\"elementor-image-box-title\">Olga Delgado<\/h3><p class=\"elementor-image-box-description\">Oste\u00f3pata, natur\u00f3pata y nutricionista<\/p><\/div><\/div>\t\t<\/div>\n\t\t\t\t<\/div>\n\t\t\t\t<div class=\"elementor-element elementor-element-jzyapxw elementor-widget-divider--view-line elementor-widget elementor-widget-divider\" data-id=\"jzyapxw\" data-element_type=\"widget\" data-widget_type=\"divider.default\">\n\t\t\t\t<div class=\"elementor-widget-container\">\n\t\t\t\t\t<div class=\"elementor-divider\">\n\t\t\t<span class=\"elementor-divider-separator\">\n\t\t\t\t\t\t<\/span>\n\t\t<\/div>\n\t\t\t\t<\/div>\n\t\t\t\t<\/div>\n\t\t\t\t<div class=\"elementor-element elementor-element-yaqqpjj elementor-widget elementor-widget-text-editor\" data-id=\"yaqqpjj\" data-element_type=\"widget\" data-widget_type=\"text-editor.default\">\n\t\t\t\t<div class=\"elementor-widget-container\">\n\t\t\t\t\t\t\t<p>Olga Delgado posee una formaci\u00f3n de m\u00e1s de 10\u00a0a\u00f1os en el campo de la salud y de la medicina natural. Se ha especializado\u00a0en el entendimiento de\u00a0las dolencias del cuerpo y el estudio del cuerpo humano.\u00a0<\/p><p>Titulada en:<br \/>Diplomatura\u00a0en Naturopat\u00eda.<br \/>M\u00e1ster en Osteopat\u00eda<br \/>Terapeuta Floral<br \/>Reflex\u00f3loga<br \/>Quiromasajista<br \/>Terapeuta de Shiatsu<br \/>Nutricionista<br \/>Monitora de Yoga<br \/>Maestra de Reiki-Usui-Shiiki-Ryoho<\/p><p class=\"font_7\" dir=\"ltr\">En la actualidad, su trabajo est\u00e1 centrado\u00a0en las terapias complementarias y en a formaci\u00f3n\u00a0de nuevos\u00a0terapeutas interesados en el campo de la salud y la medicina complementarias<\/p>\t\t\t\t\t\t<\/div>\n\t\t\t\t<\/div>\n\t\t\t\t\t<\/div>\n\t\t<\/div>\n\t\t\t\t<div class=\"elementor-column elementor-col-33 elementor-inner-column elementor-element elementor-element-zcb34tu\" data-id=\"zcb34tu\" data-element_type=\"column\">\n\t\t\t<div class=\"elementor-widget-wrap elementor-element-populated\">\n\t\t\t\t\t\t\t\t<div class=\"elementor-element elementor-element-vgvfu8b elementor-position-top elementor-vertical-align-top elementor-widget elementor-widget-image-box\" data-id=\"vgvfu8b\" data-element_type=\"widget\" data-widget_type=\"image-box.default\">\n\t\t\t\t<div class=\"elementor-widget-container\">\n\t\t\t<div class=\"elementor-image-box-wrapper\"><figure class=\"elementor-image-box-img\"><img decoding=\"async\" src=\"https:\/\/delphoscentro.com\/wp-content\/uploads\/elementor\/thumbs\/paqui-pcq1ckmlakqr26zm39du3w0z3p0kvtytk50xonkreg.jpg\" title=\"paqui\" alt=\"paqui\" \/><\/figure><div class=\"elementor-image-box-content\"><h3 class=\"elementor-image-box-title\">Paqui Mu\u00f1oz<\/h3><p class=\"elementor-image-box-description\">Maestra de Reiki y maestra de c\u00e1bala\n\n<\/p><\/div><\/div>\t\t<\/div>\n\t\t\t\t<\/div>\n\t\t\t\t<div class=\"elementor-element elementor-element-7yq816a elementor-widget-divider--view-line elementor-widget elementor-widget-divider\" data-id=\"7yq816a\" data-element_type=\"widget\" data-widget_type=\"divider.default\">\n\t\t\t\t<div class=\"elementor-widget-container\">\n\t\t\t\t\t<div class=\"elementor-divider\">\n\t\t\t<span class=\"elementor-divider-separator\">\n\t\t\t\t\t\t<\/span>\n\t\t<\/div>\n\t\t\t\t<\/div>\n\t\t\t\t<\/div>\n\t\t\t\t<div class=\"elementor-element elementor-element-kodsizk elementor-widget elementor-widget-text-editor\" data-id=\"kodsizk\" data-element_type=\"widget\" data-widget_type=\"text-editor.default\">\n\t\t\t\t<div class=\"elementor-widget-container\">\n\t\t\t\t\t\t\t<p class=\"font_7\">Durante a\u00f1os, Paqui Mu\u00f1oz se ha interesado por las paraciencias y el mundo esot\u00e9rico. Su investigaci\u00f3n abarca no solo al conocimiento esot\u00e9rico\u00a0sino tambi\u00e9n al crecimiento espiritual y a la gu\u00eda hacia un bienestar interior.\u00a0<\/p><p class=\"font_7\">Especialista en:<br \/>Maestra de Reiki-Usui-Shiiki-Ryoho \/ Egipcio<br \/>Maestra de Kabbalah\u00a0<br \/>Sanaci\u00f3n por Kabbalah<br \/>Guia espiritual de la meditaci\u00f3n<br \/>Experta en la energ\u00eda ang\u00e9lica<br \/>Maestra Tarotista<br \/>Maestra de Yo Soy y experta en la metaf\u00edsica<br \/>Gu\u00eda en el crecimiento personal y espiritual<br \/>Titulada en la sanaci\u00f3n del Yo soy<\/p><p class=\"font_7\">Actualmente su trabajo se centra en las terapias complementarias\u00a0relacionadas con la energ\u00eda y en la formaci\u00f3n\u00a0de nuevos estudiantes interesados en el aprendizaje de la metaf\u00edsica, la sanaci\u00f3n energ\u00e9tica y la investigaci\u00f3n de las paraciencias.<\/p>\t\t\t\t\t\t<\/div>\n\t\t\t\t<\/div>\n\t\t\t\t\t<\/div>\n\t\t<\/div>\n\t\t\t\t<div class=\"elementor-column elementor-col-33 elementor-inner-column elementor-element elementor-element-sq58alr\" data-id=\"sq58alr\" data-element_type=\"column\">\n\t\t\t<div class=\"elementor-widget-wrap elementor-element-populated\">\n\t\t\t\t\t\t\t\t<div class=\"elementor-element elementor-element-gii952b elementor-position-top elementor-vertical-align-top elementor-widget elementor-widget-image-box\" data-id=\"gii952b\" data-element_type=\"widget\" data-widget_type=\"image-box.default\">\n\t\t\t\t<div class=\"elementor-widget-container\">\n\t\t\t<div class=\"elementor-image-box-wrapper\"><figure class=\"elementor-image-box-img\"><img loading=\"lazy\" decoding=\"async\" width=\"280\" height=\"186\" src=\"https:\/\/delphoscentro.com\/wp-content\/uploads\/2016\/11\/img_30124578.jpg\" class=\"attachment-full size-full\" alt=\"\" \/><\/figure><div class=\"elementor-image-box-content\"><h3 class=\"elementor-image-box-title\">Milla Vitch<\/h3><p class=\"elementor-image-box-description\">Criminal Lawyer<\/p><\/div><\/div>\t\t<\/div>\n\t\t\t\t<\/div>\n\t\t\t\t<div class=\"elementor-element elementor-element-3qpqpmf elementor-widget-divider--view-line elementor-widget elementor-widget-divider\" data-id=\"3qpqpmf\" data-element_type=\"widget\" data-widget_type=\"divider.default\">\n\t\t\t\t<div class=\"elementor-widget-container\">\n\t\t\t\t\t<div class=\"elementor-divider\">\n\t\t\t<span class=\"elementor-divider-separator\">\n\t\t\t\t\t\t<\/span>\n\t\t<\/div>\n\t\t\t\t<\/div>\n\t\t\t\t<\/div>\n\t\t\t\t<div class=\"elementor-element elementor-element-xtkv4x9 elementor-widget elementor-widget-text-editor\" data-id=\"xtkv4x9\" data-element_type=\"widget\" data-widget_type=\"text-editor.default\">\n\t\t\t\t<div class=\"elementor-widget-container\">\n\t\t\t\t\t\t\tNulla quis sem at nibh elementum imperdiet. Duis sagittis ipsum. Praesent mauris fusce nec.\t\t\t\t\t\t<\/div>\n\t\t\t\t<\/div>\n\t\t\t\t<div class=\"elementor-element elementor-element-5pq0ats e-grid-align-left e-grid-align-tablet-center e-grid-align-mobile-center elementor-shape-rounded elementor-grid-0 elementor-widget elementor-widget-social-icons\" data-id=\"5pq0ats\" data-element_type=\"widget\" data-widget_type=\"social-icons.default\">\n\t\t\t\t<div class=\"elementor-widget-container\">\n\t\t\t\t\t<div class=\"elementor-social-icons-wrapper elementor-grid\">\n\t\t\t\t\t\t\t<span class=\"elementor-grid-item\">\n\t\t\t\t\t<a class=\"elementor-icon elementor-social-icon elementor-social-icon-twitter elementor-repeater-item-n0vftvx\" href=\"#\" target=\"_blank\">\n\t\t\t\t\t\t<span class=\"elementor-screen-only\">Twitter<\/span>\n\t\t\t\t\t\t\t\t\t\t\t\t\t<i class=\"fa fa-twitter\"><\/i>\n\t\t\t\t\t\t\t\t\t\t\t<\/a>\n\t\t\t\t<\/span>\n\t\t\t\t\t\t\t<span class=\"elementor-grid-item\">\n\t\t\t\t\t<a class=\"elementor-icon elementor-social-icon elementor-social-icon-facebook elementor-repeater-item-74i9fe4\" href=\"#\" target=\"_blank\">\n\t\t\t\t\t\t<span class=\"elementor-screen-only\">Facebook<\/span>\n\t\t\t\t\t\t\t\t\t\t\t\t\t<i class=\"fa fa-facebook\"><\/i>\n\t\t\t\t\t\t\t\t\t\t\t<\/a>\n\t\t\t\t<\/span>\n\t\t\t\t\t\t\t<span class=\"elementor-grid-item\">\n\t\t\t\t\t<a class=\"elementor-icon elementor-social-icon elementor-social-icon-google-plus elementor-repeater-item-74wdsbr\" href=\"#\" target=\"_blank\">\n\t\t\t\t\t\t<span class=\"elementor-screen-only\">Google-plus<\/span>\n\t\t\t\t\t\t\t\t\t\t\t\t\t<i class=\"fa fa-google-plus\"><\/i>\n\t\t\t\t\t\t\t\t\t\t\t<\/a>\n\t\t\t\t<\/span>\n\t\t\t\t\t\t\t<span class=\"elementor-grid-item\">\n\t\t\t\t\t<a class=\"elementor-icon elementor-social-icon elementor-social-icon-instagram elementor-repeater-item-vsnjarq\" href=\"#\" target=\"_blank\">\n\t\t\t\t\t\t<span class=\"elementor-screen-only\">Instagram<\/span>\n\t\t\t\t\t\t\t\t\t\t\t\t\t<i class=\"fa fa-instagram\"><\/i>\n\t\t\t\t\t\t\t\t\t\t\t<\/a>\n\t\t\t\t<\/span>\n\t\t\t\t\t<\/div>\n\t\t\t\t<\/div>\n\t\t\t\t<\/div>\n\t\t\t\t\t<\/div>\n\t\t<\/div>\n\t\t\t\t\t\t\t<\/div>\n\t\t<\/section>\n\t\t\t\t<div class=\"elementor-element elementor-element-zspvihv elementor-widget-divider--view-line elementor-widget elementor-widget-divider\" data-id=\"zspvihv\" data-element_type=\"widget\" data-widget_type=\"divider.default\">\n\t\t\t\t<div class=\"elementor-widget-container\">\n\t\t\t\t\t<div class=\"elementor-divider\">\n\t\t\t<span class=\"elementor-divider-separator\">\n\t\t\t\t\t\t<\/span>\n\t\t<\/div>\n\t\t\t\t<\/div>\n\t\t\t\t<\/div>\n\t\t\t\t\t<\/div>\n\t\t<\/div>\n\t\t\t\t\t\t\t<\/div>\n\t\t<\/section>\n\t\t\t\t\t\t<\/div>\n\t\t\t\t\t<\/div>\n\t\t","protected":false},"excerpt":{"rendered":"<p>Olga Delgado Oste\u00f3pata, natur\u00f3pata y nutricionista Olga Delgado posee una formaci\u00f3n de m\u00e1s de 10&nbsp;a\u00f1os en el campo de la salud y de la medicina natural. Se ha especializado&nbsp;en el entendimiento de&nbsp;las dolencias del cuerpo y el estudio del cuerpo humano.&nbsp; Titulada en: Diplomatura&nbsp;en Naturopat\u00eda. M\u00e1ster en Osteopat\u00eda Terapeuta Floral Reflex\u00f3loga Quiromasajista Terapeuta de Shiatsu [&hellip;]<\/p>\n","protected":false},"author":1,"featured_media":0,"parent":0,"menu_order":0,"comment_status":"closed","ping_status":"closed","template":"","meta":{"footnotes":""},"class_list":["post-750","page","type-page","status-publish","hentry","entry"],"yoast_head":"<!-- This site is optimized with the Yoast SEO plugin v17.7 - https:\/\/yoast.com\/wordpress\/plugins\/seo\/ -->\n<title>Tienda - Delphos Centro<\/title>\n<meta name=\"robots\" content=\"index, follow, max-snippet:-1, max-image-preview:large, max-video-preview:-1\" \/>\n<link rel=\"canonical\" href=\"https:\/\/delphoscentro.com\/index.php\/tienda\/\" \/>\n<meta property=\"og:locale\" content=\"es_ES\" \/>\n<meta property=\"og:type\" content=\"article\" \/>\n<meta property=\"og:title\" content=\"Tienda - Delphos Centro\" \/>\n<meta property=\"og:description\" content=\"Olga Delgado Oste\u00f3pata, natur\u00f3pata y nutricionista Olga Delgado posee una formaci\u00f3n de m\u00e1s de 10&nbsp;a\u00f1os en el campo de la salud y de la medicina natural. Se ha especializado&nbsp;en el entendimiento de&nbsp;las dolencias del cuerpo y el estudio del cuerpo humano.&nbsp; Titulada en: Diplomatura&nbsp;en Naturopat\u00eda. M\u00e1ster en Osteopat\u00eda Terapeuta Floral Reflex\u00f3loga Quiromasajista Terapeuta de Shiatsu [&hellip;]\" \/>\n<meta property=\"og:url\" content=\"https:\/\/delphoscentro.com\/index.php\/tienda\/\" \/>\n<meta property=\"og:site_name\" content=\"Delphos Centro\" \/>\n<meta property=\"article:modified_time\" content=\"2021-09-06T16:20:03+00:00\" \/>\n<meta property=\"og:image\" content=\"https:\/\/delphoscentro.com\/wp-content\/uploads\/elementor\/thumbs\/olga-pcq1c2rnoq2axlpjzjnxaij7tdgltkzx5ompkeb8o4.jpg\" \/>\n<meta name=\"twitter:card\" content=\"summary_large_image\" \/>\n<meta name=\"twitter:label1\" content=\"Tiempo de lectura\" \/>\n\t<meta name=\"twitter:data1\" content=\"2 minutos\" \/>\n<script type=\"application\/ld+json\" class=\"yoast-schema-graph\">{\"@context\":\"https:\/\/schema.org\",\"@graph\":[{\"@type\":\"WebSite\",\"@id\":\"https:\/\/delphoscentro.com\/#website\",\"url\":\"https:\/\/delphoscentro.com\/\",\"name\":\"Delphos Centro\",\"description\":\"\",\"potentialAction\":[{\"@type\":\"SearchAction\",\"target\":{\"@type\":\"EntryPoint\",\"urlTemplate\":\"https:\/\/delphoscentro.com\/?s={search_term_string}\"},\"query-input\":\"required name=search_term_string\"}],\"inLanguage\":\"es\"},{\"@type\":\"ImageObject\",\"@id\":\"https:\/\/delphoscentro.com\/index.php\/tienda\/#primaryimage\",\"inLanguage\":\"es\",\"url\":\"https:\/\/delphoscentro.com\/wp-content\/uploads\/elementor\/thumbs\/olga-pcq1c2rnoq2axlpjzjnxaij7tdgltkzx5ompkeb8o4.jpg\",\"contentUrl\":\"https:\/\/delphoscentro.com\/wp-content\/uploads\/elementor\/thumbs\/olga-pcq1c2rnoq2axlpjzjnxaij7tdgltkzx5ompkeb8o4.jpg\"},{\"@type\":\"WebPage\",\"@id\":\"https:\/\/delphoscentro.com\/index.php\/tienda\/#webpage\",\"url\":\"https:\/\/delphoscentro.com\/index.php\/tienda\/\",\"name\":\"Tienda - Delphos Centro\",\"isPartOf\":{\"@id\":\"https:\/\/delphoscentro.com\/#website\"},\"primaryImageOfPage\":{\"@id\":\"https:\/\/delphoscentro.com\/index.php\/tienda\/#primaryimage\"},\"datePublished\":\"2021-09-06T16:20:02+00:00\",\"dateModified\":\"2021-09-06T16:20:03+00:00\",\"breadcrumb\":{\"@id\":\"https:\/\/delphoscentro.com\/index.php\/tienda\/#breadcrumb\"},\"inLanguage\":\"es\",\"potentialAction\":[{\"@type\":\"ReadAction\",\"target\":[\"https:\/\/delphoscentro.com\/index.php\/tienda\/\"]}]},{\"@type\":\"BreadcrumbList\",\"@id\":\"https:\/\/delphoscentro.com\/index.php\/tienda\/#breadcrumb\",\"itemListElement\":[{\"@type\":\"ListItem\",\"position\":1,\"name\":\"Portada\",\"item\":\"https:\/\/delphoscentro.com\/\"},{\"@type\":\"ListItem\",\"position\":2,\"name\":\"Tienda\"}]}]}<\/script>\n<!-- \/ Yoast SEO plugin. -->","yoast_head_json":{"title":"Tienda - Delphos Centro","robots":{"index":"index","follow":"follow","max-snippet":"max-snippet:-1","max-image-preview":"max-image-preview:large","max-video-preview":"max-video-preview:-1"},"canonical":"https:\/\/delphoscentro.com\/index.php\/tienda\/","og_locale":"es_ES","og_type":"article","og_title":"Tienda - Delphos Centro","og_description":"Olga Delgado Oste\u00f3pata, natur\u00f3pata y nutricionista Olga Delgado posee una formaci\u00f3n de m\u00e1s de 10&nbsp;a\u00f1os en el campo de la salud y de la medicina natural. Se ha especializado&nbsp;en el entendimiento de&nbsp;las dolencias del cuerpo y el estudio del cuerpo humano.&nbsp; Titulada en: Diplomatura&nbsp;en Naturopat\u00eda. M\u00e1ster en Osteopat\u00eda Terapeuta Floral Reflex\u00f3loga Quiromasajista Terapeuta de Shiatsu [&hellip;]","og_url":"https:\/\/delphoscentro.com\/index.php\/tienda\/","og_site_name":"Delphos Centro","article_modified_time":"2021-09-06T16:20:03+00:00","og_image":[{"url":"https:\/\/delphoscentro.com\/wp-content\/uploads\/elementor\/thumbs\/olga-pcq1c2rnoq2axlpjzjnxaij7tdgltkzx5ompkeb8o4.jpg"}],"twitter_card":"summary_large_image","twitter_misc":{"Tiempo de lectura":"2 minutos"},"schema":{"@context":"https:\/\/schema.org","@graph":[{"@type":"WebSite","@id":"https:\/\/delphoscentro.com\/#website","url":"https:\/\/delphoscentro.com\/","name":"Delphos Centro","description":"","potentialAction":[{"@type":"SearchAction","target":{"@type":"EntryPoint","urlTemplate":"https:\/\/delphoscentro.com\/?s={search_term_string}"},"query-input":"required name=search_term_string"}],"inLanguage":"es"},{"@type":"ImageObject","@id":"https:\/\/delphoscentro.com\/index.php\/tienda\/#primaryimage","inLanguage":"es","url":"https:\/\/delphoscentro.com\/wp-content\/uploads\/elementor\/thumbs\/olga-pcq1c2rnoq2axlpjzjnxaij7tdgltkzx5ompkeb8o4.jpg","contentUrl":"https:\/\/delphoscentro.com\/wp-content\/uploads\/elementor\/thumbs\/olga-pcq1c2rnoq2axlpjzjnxaij7tdgltkzx5ompkeb8o4.jpg"},{"@type":"WebPage","@id":"https:\/\/delphoscentro.com\/index.php\/tienda\/#webpage","url":"https:\/\/delphoscentro.com\/index.php\/tienda\/","name":"Tienda - Delphos Centro","isPartOf":{"@id":"https:\/\/delphoscentro.com\/#website"},"primaryImageOfPage":{"@id":"https:\/\/delphoscentro.com\/index.php\/tienda\/#primaryimage"},"datePublished":"2021-09-06T16:20:02+00:00","dateModified":"2021-09-06T16:20:03+00:00","breadcrumb":{"@id":"https:\/\/delphoscentro.com\/index.php\/tienda\/#breadcrumb"},"inLanguage":"es","potentialAction":[{"@type":"ReadAction","target":["https:\/\/delphoscentro.com\/index.php\/tienda\/"]}]},{"@type":"BreadcrumbList","@id":"https:\/\/delphoscentro.com\/index.php\/tienda\/#breadcrumb","itemListElement":[{"@type":"ListItem","position":1,"name":"Portada","item":"https:\/\/delphoscentro.com\/"},{"@type":"ListItem","position":2,"name":"Tienda"}]}]}},"_links":{"self":[{"href":"https:\/\/delphoscentro.com\/index.php\/wp-json\/wp\/v2\/pages\/750","targetHints":{"allow":["GET"]}}],"collection":[{"href":"https:\/\/delphoscentro.com\/index.php\/wp-json\/wp\/v2\/pages"}],"about":[{"href":"https:\/\/delphoscentro.com\/index.php\/wp-json\/wp\/v2\/types\/page"}],"author":[{"embeddable":true,"href":"https:\/\/delphoscentro.com\/index.php\/wp-json\/wp\/v2\/users\/1"}],"replies":[{"embeddable":true,"href":"https:\/\/delphoscentro.com\/index.php\/wp-json\/wp\/v2\/comments?post=750"}],"version-history":[{"count":1,"href":"https:\/\/delphoscentro.com\/index.php\/wp-json\/wp\/v2\/pages\/750\/revisions"}],"predecessor-version":[{"id":751,"href":"https:\/\/delphoscentro.com\/index.php\/wp-json\/wp\/v2\/pages\/750\/revisions\/751"}],"wp:attachment":[{"href":"https:\/\/delphoscentro.com\/index.php\/wp-json\/wp\/v2\/media?parent=750"}],"curies":[{"name":"wp","href":"https:\/\/api.w.org\/{rel}","templated":true}]}}